{"id":924,"date":"2024-09-30T10:09:48","date_gmt":"2024-09-30T08:09:48","guid":{"rendered":"https:\/\/diagonale-montessori.fr\/?post_type=product&#038;p=924"},"modified":"2026-04-04T16:45:31","modified_gmt":"2026-04-04T14:45:31","slug":"livre-jeunesse","status":"publish","type":"product","link":"https:\/\/diagonale-montessori.fr\/?product=livre-jeunesse","title":{"rendered":"Album jeunesse &#8211; La chaussure"},"content":{"rendered":"<p>Edition jeunesse &#8211; Petite enfance- de 0 \u00e0 6 ans<\/p>\n<p>A partir du texte de L\u00e8ne K. Novella<\/p>\n<p>Auto-\u00e9dit\u00e9 en 100 exemplaires<br \/>\n26 pages<br \/>\nImpression Lazer sur papier brillant<br \/>\n2022<\/p>\n","protected":false},"excerpt":{"rendered":"<p>Ce projet d\u2019album jeunesse est n\u00e9 de mon amiti\u00e9 avec L\u00e8ne, coll\u00e8gue et \u00e9ducatrice Montessori pour les 3-6 ans. L\u00e8ne puisait dans les souvenirs de son enfance au Danemark pour \u00e9laborer de courts r\u00e9cits, qu\u2019elle avait pris l\u2019habitude de raconter en classe \u00e0 ses \u00e9l\u00e8ves. L\u00e8ne connaissait tr\u00e8s bien les jeunes enfants, elle savait ce qui pour eux, comptait. Elle choisissait m\u00e9ticuleusement ses th\u00e9matiques\u00a0: anodines en apparence mais qui r\u00e9sonnent en profondeur.<\/p>\n<p>Je me suis empar\u00e9e d\u2019un fragment de cette enfance qui n\u2019\u00e9tait pas la mienne, dans ce pays que je ne connais pas, et j\u2019ai tent\u00e9 de traduire avec mes images un petit bout de cette m\u00e9moire, avec pour boussole int\u00e9rieure les r\u00e9miniscences de ma propre enfance. Inspir\u00e9e par une ann\u00e9e pass\u00e9e \u00e0 enseigner les Arts Plastiques pour une classe d&rsquo;enfants entre 3 et 5 ans, j\u2019ai tent\u00e9 de retranscrire ces sensations de profond myst\u00e8re, qui s\u2019enroulent autour des choses, quand elles sont regard\u00e9es par des yeux tous neufs.<\/p>\n<p><strong>Le synopsis<\/strong>\u00a0:<\/p>\n<p>Le petite fr\u00e8re fait ses premiers pas. Sa maman lui offre sa toute premi\u00e8re paire de chaussures. Mais lors de sa visite dans un zoo, avec toute sa famille, un accident se produit&#8230;<\/p>\n","protected":false},"featured_media":368,"comment_status":"open","ping_status":"closed","template":"","meta":[],"product_brand":[],"product_cat":[22],"product_tag":[],"class_list":{"0":"post-924","1":"product","2":"type-product","3":"status-publish","4":"has-post-thumbnail","6":"product_cat-editions","7":"product_shipping_class-livres-a4","9":"entry","10":"has-media","12":"first","13":"instock","14":"taxable","15":"shipping-taxable","16":"purchasable","17":"product-type-simple","18":"col","19":"span_1_of_5","20":"owp-content-center","21":"owp-thumbs-layout-horizontal","22":"owp-btn-normal","23":"owp-tabs-layout-horizontal"},"jetpack_sharing_enabled":true,"_links":{"self":[{"href":"https:\/\/diagonale-montessori.fr\/index.php?rest_route=\/wp\/v2\/product\/924","targetHints":{"allow":["GET"]}}],"collection":[{"href":"https:\/\/diagonale-montessori.fr\/index.php?rest_route=\/wp\/v2\/product"}],"about":[{"href":"https:\/\/diagonale-montessori.fr\/index.php?rest_route=\/wp\/v2\/types\/product"}],"replies":[{"embeddable":true,"href":"https:\/\/diagonale-montessori.fr\/index.php?rest_route=%2Fwp%2Fv2%2Fcomments&post=924"}],"version-history":[{"count":6,"href":"https:\/\/diagonale-montessori.fr\/index.php?rest_route=\/wp\/v2\/product\/924\/revisions"}],"predecessor-version":[{"id":2385,"href":"https:\/\/diagonale-montessori.fr\/index.php?rest_route=\/wp\/v2\/product\/924\/revisions\/2385"}],"wp:featuredmedia":[{"embeddable":true,"href":"https:\/\/diagonale-montessori.fr\/index.php?rest_route=\/wp\/v2\/media\/368"}],"wp:attachment":[{"href":"https:\/\/diagonale-montessori.fr\/index.php?rest_route=%2Fwp%2Fv2%2Fmedia&parent=924"}],"wp:term":[{"taxonomy":"product_brand","embeddable":true,"href":"https:\/\/diagonale-montessori.fr\/index.php?rest_route=%2Fwp%2Fv2%2Fproduct_brand&post=924"},{"taxonomy":"product_cat","embeddable":true,"href":"https:\/\/diagonale-montessori.fr\/index.php?rest_route=%2Fwp%2Fv2%2Fproduct_cat&post=924"},{"taxonomy":"product_tag","embeddable":true,"href":"https:\/\/diagonale-montessori.fr\/index.php?rest_route=%2Fwp%2Fv2%2Fproduct_tag&post=924"}],"curies":[{"name":"wp","href":"https:\/\/api.w.org\/{rel}","templated":true}]}}